{"id":4214,"date":"2024-07-27T19:55:08","date_gmt":"2024-07-27T16:25:08","guid":{"rendered":"https:\/\/lamtakamdate.com\/khamir-khorma\/"},"modified":"2024-08-07T12:16:00","modified_gmt":"2024-08-07T08:46:00","slug":"khamir-khorma","status":"publish","type":"page","link":"https:\/\/lamtakamdate.com\/tr\/khamir-khorma\/","title":{"rendered":"khamir-khorma"},"content":{"rendered":"\t\t<div data-elementor-type=\"wp-page\" data-elementor-id=\"4214\" class=\"elementor elementor-4214 elementor-3387\" data-elementor-post-type=\"page\">\n\t\t\t\t<div class=\"elementor-element elementor-element-a079cba e-flex e-con-boxed e-con e-parent\" data-id=\"a079cba\" data-element_type=\"container\">\n\t\t\t\t\t<div class=\"e-con-inner\">\n\t\t<div class=\"elementor-element elementor-element-3d7cf21 e-con-full e-flex e-con e-child\" data-id=\"3d7cf21\" data-element_type=\"container\">\n\t\t\t\t<div class=\"elementor-element elementor-element-9665dcb elementor-widget elementor-widget-heading\" data-id=\"9665dcb\" data-element_type=\"widget\" data-widget_type=\"heading.default\">\n\t\t\t\t<div class=\"elementor-widget-container\">\n\t\t\t<h2 class=\"elementor-heading-title elementor-size-default\">Hurma ezmesi \u00fcretimi<\/h2>\t\t<\/div>\n\t\t\t\t<\/div>\n\t\t\t\t<div class=\"elementor-element elementor-element-4e058ac elementor-widget elementor-widget-text-editor\" data-id=\"4e058ac\" data-element_type=\"widget\" data-widget_type=\"text-editor.default\">\n\t\t\t\t<div class=\"elementor-widget-container\">\n\t\t\t\t\t\t\t<p><br \/>Hurmalar\u0131n ta\u015f\u0131nmas\u0131, y\u0131kanmas\u0131 ve dezenfekte edilmesinin ard\u0131ndan hurma k\u00fcspesi \u00fcretim s\u00fcreci ba\u015flar. T\u00fcm hurmalar depodan \u00e7\u0131kt\u0131ktan sonra ay\u0131klan\u0131r ve dezenfekte edilir. Bu i\u015flem tamamen modern ve end\u00fcstriyel ekipmanlarla yap\u0131lmaktad\u0131r.<\/p><p>Fabrikada \u00fcretilen hurma ezmelerinin tamam\u0131 past\u00f6rize olup raf \u00f6mr\u00fc 2 y\u0131ld\u0131r. Hurmalar\u0131n brix miktar\u0131 m\u00fc\u015fteri iste\u011fine g\u00f6re ayarlanabilir<\/p><p>Tarih ezmesi t\u00fcrleri<\/p><p>Sert hamurlar<br \/>Yumu\u015fak hamurlar<\/p>\t\t\t\t\t\t<\/div>\n\t\t\t\t<\/div>\n\t\t\t\t<\/div>\n\t\t<div class=\"elementor-element elementor-element-957be74 e-con-full e-flex e-con e-child\" data-id=\"957be74\" data-element_type=\"container\">\n\t\t\t\t<div class=\"elementor-element elementor-element-a4d5fcf elementor-widget elementor-widget-text-editor\" data-id=\"a4d5fcf\" data-element_type=\"widget\" data-widget_type=\"text-editor.default\">\n\t\t\t\t<div class=\"elementor-widget-container\">\n\t\t\t\t\t\t\t<p>Hurma ezmesi kek, kurabiye ve bisk\u00fcvi yap\u0131m\u0131nda \u015feker yerine kullan\u0131labilecek sa\u011fl\u0131kl\u0131 ve do\u011fal bir alternatiftir. Bu macun \u00fcr\u00fcnlerinize ho\u015f ve tatl\u0131 bir tat katmas\u0131n\u0131n yan\u0131 s\u0131ra sa\u011fl\u0131k a\u00e7\u0131s\u0131ndan da pek \u00e7ok faydaya sahiptir.<\/p>\t\t\t\t\t\t<\/div>\n\t\t\t\t<\/div>\n\t\t\t\t<\/div>\n\t\t\t\t\t<\/div>\n\t\t\t\t<\/div>\n\t\t<div class=\"elementor-element elementor-element-ae54e1e e-con-full e-flex e-con e-parent\" data-id=\"ae54e1e\" data-element_type=\"container\" data-settings=\"{&quot;background_background&quot;:&quot;classic&quot;}\">\n\t\t<div class=\"elementor-element elementor-element-214f325 e-con-full e-flex e-con e-child\" data-id=\"214f325\" data-element_type=\"container\">\n\t\t\t\t<div class=\"elementor-element elementor-element-fa106ec elementor-widget elementor-widget-text-editor\" data-id=\"fa106ec\" data-element_type=\"widget\" data-widget_type=\"text-editor.default\">\n\t\t\t\t<div class=\"elementor-widget-container\">\n\t\t\t\t\t\t\t<p>Bu fabrikada \u00fcretilen hurma k\u00fcspesinin d\u00fcnyadaki en iyi hurma k\u00fcspelerinden biri oldu\u011funu kesinlikle s\u00f6yleyebiliriz.<\/p>\t\t\t\t\t\t<\/div>\n\t\t\t\t<\/div>\n\t\t\t\t<\/div>\n\t\t\t\t<\/div>\n\t\t<div class=\"elementor-element elementor-element-3fd4bfd e-flex e-con-boxed e-con e-parent\" data-id=\"3fd4bfd\" data-element_type=\"container\" data-settings=\"{&quot;background_background&quot;:&quot;classic&quot;}\">\n\t\t\t\t\t<div class=\"e-con-inner\">\n\t\t<div class=\"elementor-element elementor-element-260a56f e-con-full e-flex e-con e-child\" data-id=\"260a56f\" data-element_type=\"container\">\n\t\t\t\t<div class=\"elementor-element elementor-element-c8fe82b elementor-widget elementor-widget-heading\" data-id=\"c8fe82b\" data-element_type=\"widget\" data-widget_type=\"heading.default\">\n\t\t\t\t<div class=\"elementor-widget-container\">\n\t\t\t<h2 class=\"elementor-heading-title elementor-size-default\">Tarih ezmesi uygulamalar\u0131<\/h2>\t\t<\/div>\n\t\t\t\t<\/div>\n\t\t\t\t<div class=\"elementor-element elementor-element-d7dc0ec elementor-widget elementor-widget-text-editor\" data-id=\"d7dc0ec\" data-element_type=\"widget\" data-widget_type=\"text-editor.default\">\n\t\t\t\t<div class=\"elementor-widget-container\">\n\t\t\t\t\t\t\t<p>\u00a0<\/p><p>Hurma k\u00fcspesi a\u015fa\u011f\u0131daki fabrikalarda \u015feker yerine do\u011fal tatland\u0131r\u0131c\u0131 olarak kullan\u0131lmaktad\u0131r:<\/p><p>Bisk\u00fcvi fabrikalar\u0131<br \/>Kek ve kurabiye fabrikalar\u0131<br \/>Enerji bar\u0131 ve f\u0131nd\u0131k bar\u0131 \u00fcreticileri<br \/>Dondurma \u00fcreticileri<br \/>Alkols\u00fcz i\u00e7ecek ve meyve suyu \u00fcreticileri<br \/>Helva ve lava\u015f \u00fcreticileri<\/p>\t\t\t\t\t\t<\/div>\n\t\t\t\t<\/div>\n\t\t\t\t<\/div>\n\t\t<div class=\"elementor-element elementor-element-b159d15 e-con-full e-flex e-con e-child\" data-id=\"b159d15\" data-element_type=\"container\">\n\t\t\t\t<div class=\"elementor-element elementor-element-293424a elementor-widget elementor-widget-image\" data-id=\"293424a\" data-element_type=\"widget\" data-widget_type=\"image.default\">\n\t\t\t\t<div class=\"elementor-widget-container\">\n\t\t\t\t\t\t\t\t\t\t\t\t\t<img fetchpriority=\"high\" decoding=\"async\" width=\"1000\" height=\"750\" src=\"https:\/\/lamtakamdate.com\/wp-content\/uploads\/2024\/07\/\u062e\u0631\u0645\u0627-1-1-e1655100296193.jpg\" class=\"attachment-large size-large wp-image-3396\" alt=\"\" srcset=\"https:\/\/lamtakamdate.com\/wp-content\/uploads\/2024\/07\/\u062e\u0631\u0645\u0627-1-1-e1655100296193.jpg 1000w, https:\/\/lamtakamdate.com\/wp-content\/uploads\/2024\/07\/\u062e\u0631\u0645\u0627-1-1-e1655100296193-300x225.jpg 300w, https:\/\/lamtakamdate.com\/wp-content\/uploads\/2024\/07\/\u062e\u0631\u0645\u0627-1-1-e1655100296193-768x576.jpg 768w, https:\/\/lamtakamdate.com\/wp-content\/uploads\/2024\/07\/\u062e\u0631\u0645\u0627-1-1-e1655100296193-600x450.jpg 600w\" sizes=\"(max-width: 1000px) 100vw, 1000px\" \/>\t\t\t\t\t\t\t\t\t\t\t\t\t<\/div>\n\t\t\t\t<\/div>\n\t\t\t\t<\/div>\n\t\t\t\t\t<\/div>\n\t\t\t\t<\/div>\n\t\t\t\t<\/div>\n\t\t","protected":false},"excerpt":{"rendered":"<p>Hurma ezmesi \u00fcretimi Hurmalar\u0131n ta\u015f\u0131nmas\u0131, y\u0131kanmas\u0131 ve dezenfekte edilmesinin ard\u0131ndan hurma k\u00fcspesi \u00fcretim s\u00fcreci ba\u015flar. T\u00fcm hurmalar depodan \u00e7\u0131kt\u0131ktan sonra ay\u0131klan\u0131r ve dezenfekte edilir. Bu i\u015flem tamamen modern ve end\u00fcstriyel ekipmanlarla yap\u0131lmaktad\u0131r. Fabrikada \u00fcretilen hurma ezmelerinin tamam\u0131 past\u00f6rize olup raf \u00f6mr\u00fc 2 y\u0131ld\u0131r. Hurmalar\u0131n brix miktar\u0131 m\u00fc\u015fteri iste\u011fine g\u00f6re ayarlanabilir Tarih ezmesi t\u00fcrleri Sert hamurlarYumu\u015fak [&hellip;]<\/p>\n","protected":false},"author":1,"featured_media":0,"parent":0,"menu_order":0,"comment_status":"closed","ping_status":"closed","template":"","meta":{"_uag_custom_page_level_css":"","site-sidebar-layout":"no-sidebar","site-content-layout":null,"ast-site-content-layout":"full-width-container","site-content-style":"unboxed","site-sidebar-style":"unboxed","ast-global-header-display":"","ast-banner-title-visibility":"","ast-main-header-display":"","ast-hfb-above-header-display":"","ast-hfb-below-header-display":null,"ast-hfb-mobile-header-display":"","site-post-title":"disabled","ast-breadcrumbs-content":null,"ast-featured-img":"disabled","footer-sml-layout":"","theme-transparent-header-meta":"","adv-header-id-meta":"","stick-header-meta":"","header-above-stick-meta":"","header-main-stick-meta":"","header-below-stick-meta":null,"astra-migrate-meta-layouts":"default","ast-page-background-enabled":"default","ast-page-background-meta":{"desktop":{"background-color":"var(--ast-global-color-4)","background-image":"","background-repeat":"repeat","background-position":"center center","background-size":"auto","background-attachment":"scroll","background-type":"","background-media":"","overlay-type":"","overlay-color":"","overlay-opacity":"","overlay-gradient":""},"tablet":{"background-color":"","background-image":"","background-repeat":"repeat","background-position":"center center","background-size":"auto","background-attachment":"scroll","background-type":"","background-media":"","overlay-type":"","overlay-color":"","overlay-opacity":"","overlay-gradient":""},"mobile":{"background-color":"","background-image":"","background-repeat":"repeat","background-position":"center center","background-size":"auto","background-attachment":"scroll","background-type":"","background-media":"","overlay-type":"","overlay-color":"","overlay-opacity":"","overlay-gradient":""}},"ast-content-background-meta":{"desktop":{"background-color":"var(--ast-global-color-5)","background-image":"","background-repeat":"repeat","background-position":"center center","background-size":"auto","background-attachment":"scroll","background-type":"","background-media":"","overlay-type":"","overlay-color":"","overlay-opacity":"","overlay-gradient":""},"tablet":{"background-color":"var(--ast-global-color-5)","background-image":"","background-repeat":"repeat","background-position":"center center","background-size":"auto","background-attachment":"scroll","background-type":"","background-media":"","overlay-type":"","overlay-color":"","overlay-opacity":"","overlay-gradient":""},"mobile":{"background-color":"var(--ast-global-color-5)","background-image":"","background-repeat":"repeat","background-position":"center center","background-size":"auto","background-attachment":"scroll","background-type":"","background-media":"","overlay-type":"","overlay-color":"","overlay-opacity":"","overlay-gradient":""}},"footnotes":""},"class_list":["post-4214","page","type-page","status-publish","hentry"],"uagb_featured_image_src":{"full":false,"thumbnail":false,"medium":false,"medium_large":false,"large":false,"1536x1536":false,"2048x2048":false,"woocommerce_thumbnail":false,"woocommerce_single":false,"woocommerce_gallery_thumbnail":false},"uagb_author_info":{"display_name":"kavoosiadmin","author_link":"https:\/\/lamtakamdate.com\/tr\/author\/kavoosiadmin\/"},"uagb_comment_info":0,"uagb_excerpt":"Hurma ezmesi \u00fcretimi Hurmalar\u0131n ta\u015f\u0131nmas\u0131, y\u0131kanmas\u0131 ve dezenfekte edilmesinin ard\u0131ndan hurma k\u00fcspesi \u00fcretim s\u00fcreci ba\u015flar. T\u00fcm hurmalar depodan \u00e7\u0131kt\u0131ktan sonra ay\u0131klan\u0131r ve dezenfekte edilir. Bu i\u015flem tamamen modern ve end\u00fcstriyel ekipmanlarla yap\u0131lmaktad\u0131r. Fabrikada \u00fcretilen hurma ezmelerinin tamam\u0131 past\u00f6rize olup raf \u00f6mr\u00fc 2 y\u0131ld\u0131r. Hurmalar\u0131n brix miktar\u0131 m\u00fc\u015fteri iste\u011fine g\u00f6re ayarlanabilir Tarih ezmesi t\u00fcrleri Sert hamurlarYumu\u015fak&hellip;","_links":{"self":[{"href":"https:\/\/lamtakamdate.com\/tr\/wp-json\/wp\/v2\/pages\/4214","targetHints":{"allow":["GET"]}}],"collection":[{"href":"https:\/\/lamtakamdate.com\/tr\/wp-json\/wp\/v2\/pages"}],"about":[{"href":"https:\/\/lamtakamdate.com\/tr\/wp-json\/wp\/v2\/types\/page"}],"author":[{"embeddable":true,"href":"https:\/\/lamtakamdate.com\/tr\/wp-json\/wp\/v2\/users\/1"}],"replies":[{"embeddable":true,"href":"https:\/\/lamtakamdate.com\/tr\/wp-json\/wp\/v2\/comments?post=4214"}],"version-history":[{"count":4,"href":"https:\/\/lamtakamdate.com\/tr\/wp-json\/wp\/v2\/pages\/4214\/revisions"}],"predecessor-version":[{"id":4304,"href":"https:\/\/lamtakamdate.com\/tr\/wp-json\/wp\/v2\/pages\/4214\/revisions\/4304"}],"wp:attachment":[{"href":"https:\/\/lamtakamdate.com\/tr\/wp-json\/wp\/v2\/media?parent=4214"}],"curies":[{"name":"wp","href":"https:\/\/api.w.org\/{rel}","templated":true}]}}