{"id":4210,"date":"2024-07-27T23:27:39","date_gmt":"2024-07-27T19:57:39","guid":{"rendered":"https:\/\/lamtakamdate.com\/ghahveh-khorma\/"},"modified":"2024-08-10T14:01:49","modified_gmt":"2024-08-10T10:31:49","slug":"ghahveh-khorma","status":"publish","type":"page","link":"https:\/\/lamtakamdate.com\/tr\/ghahveh-khorma\/","title":{"rendered":"ghahveh-khorma"},"content":{"rendered":"\t\t<div data-elementor-type=\"wp-page\" data-elementor-id=\"4210\" class=\"elementor elementor-4210 elementor-3403\" data-elementor-post-type=\"page\">\n\t\t\t\t<div class=\"elementor-element elementor-element-cf7db57 e-flex e-con-boxed e-con e-parent\" data-id=\"cf7db57\" data-element_type=\"container\">\n\t\t\t\t\t<div class=\"e-con-inner\">\n\t\t<div class=\"elementor-element elementor-element-acdaeff e-con-full e-flex e-con e-child\" data-id=\"acdaeff\" data-element_type=\"container\">\n\t\t\t\t<div class=\"elementor-element elementor-element-9dda410 elementor-widget elementor-widget-heading\" data-id=\"9dda410\" data-element_type=\"widget\" data-widget_type=\"heading.default\">\n\t\t\t\t<div class=\"elementor-widget-container\">\n\t\t\t<h2 class=\"elementor-heading-title elementor-size-default\">Hurma \u00e7ekirde\u011fi kahve tozu<\/h2>\t\t<\/div>\n\t\t\t\t<\/div>\n\t\t\t\t<div class=\"elementor-element elementor-element-6c8c4a0 elementor-widget elementor-widget-text-editor\" data-id=\"6c8c4a0\" data-element_type=\"widget\" data-widget_type=\"text-editor.default\">\n\t\t\t\t<div class=\"elementor-widget-container\">\n\t\t\t\t\t\t\t<p>Hurma \u00e7ekirde\u011fi tozu kahve, \u00e7ikolata, kek, kurabiye ve hatta kozmetik \u00fcr\u00fcnleri \u00fcreten fabrikalarda kullan\u0131lmaktad\u0131r.<\/p><p>\u00a0<\/p>\t\t\t\t\t\t<\/div>\n\t\t\t\t<\/div>\n\t\t\t\t<div class=\"elementor-element elementor-element-f3bb7db elementor-align-right elementor-widget elementor-widget-button\" data-id=\"f3bb7db\" data-element_type=\"widget\" data-widget_type=\"button.default\">\n\t\t\t\t<div class=\"elementor-widget-container\">\n\t\t\t\t\t\t\t<div class=\"elementor-button-wrapper\">\n\t\t\t\t\t<a class=\"elementor-button elementor-button-link elementor-size-sm\" href=\"https:\/\/lamtakamdate.com\/tr\/urun\/hurma-cekirdegi-kahve-tozu\/\">\n\t\t\t\t\t\t<span class=\"elementor-button-content-wrapper\">\n\t\t\t\t\t\t\t\t\t<span class=\"elementor-button-text\">\u00dcr\u00fcn\u00fc g\u00f6r\u00fcnt\u00fcle<\/span>\n\t\t\t\t\t<\/span>\n\t\t\t\t\t<\/a>\n\t\t\t\t<\/div>\n\t\t\t\t\t\t<\/div>\n\t\t\t\t<\/div>\n\t\t\t\t<\/div>\n\t\t<div class=\"elementor-element elementor-element-a622885 e-con-full e-flex e-con e-child\" data-id=\"a622885\" data-element_type=\"container\">\n\t\t\t\t<div class=\"elementor-element elementor-element-025118b elementor-widget elementor-widget-image\" data-id=\"025118b\" data-element_type=\"widget\" data-widget_type=\"image.default\">\n\t\t\t\t<div class=\"elementor-widget-container\">\n\t\t\t\t\t\t\t\t\t\t\t\t\t<img fetchpriority=\"high\" decoding=\"async\" width=\"1024\" height=\"742\" src=\"https:\/\/lamtakamdate.com\/wp-content\/uploads\/2024\/07\/IMG_20240724_115734_688-1024x742.jpg\" class=\"attachment-large size-large wp-image-2660\" alt=\"\u067e\u0648\u062f\u0631 \u0642\u0647\u0648\u0647 \u0647\u0633\u062a\u0647 \u062e\u0631\u0645\u0627\" srcset=\"https:\/\/lamtakamdate.com\/wp-content\/uploads\/2024\/07\/IMG_20240724_115734_688-1024x742.jpg 1024w, https:\/\/lamtakamdate.com\/wp-content\/uploads\/2024\/07\/IMG_20240724_115734_688-300x218.jpg 300w, https:\/\/lamtakamdate.com\/wp-content\/uploads\/2024\/07\/IMG_20240724_115734_688-768x557.jpg 768w, https:\/\/lamtakamdate.com\/wp-content\/uploads\/2024\/07\/IMG_20240724_115734_688-600x435.jpg 600w, https:\/\/lamtakamdate.com\/wp-content\/uploads\/2024\/07\/IMG_20240724_115734_688.jpg 1080w\" sizes=\"(max-width: 1024px) 100vw, 1024px\" \/>\t\t\t\t\t\t\t\t\t\t\t\t\t<\/div>\n\t\t\t\t<\/div>\n\t\t\t\t<\/div>\n\t\t\t\t\t<\/div>\n\t\t\t\t<\/div>\n\t\t<div class=\"elementor-element elementor-element-00727d7 e-flex e-con-boxed e-con e-parent\" data-id=\"00727d7\" data-element_type=\"container\">\n\t\t\t\t\t<div class=\"e-con-inner\">\n\t\t<div class=\"elementor-element elementor-element-3c9faec e-con-full e-flex e-con e-child\" data-id=\"3c9faec\" data-element_type=\"container\">\n\t\t\t\t<div class=\"elementor-element elementor-element-fe0cd38 elementor-widget elementor-widget-heading\" data-id=\"fe0cd38\" data-element_type=\"widget\" data-widget_type=\"heading.default\">\n\t\t\t\t<div class=\"elementor-widget-container\">\n\t\t\t<h2 class=\"elementor-heading-title elementor-size-default\">Hurma \u00e7ekirde\u011fi kahve tozunun faydalar\u0131<\/h2>\t\t<\/div>\n\t\t\t\t<\/div>\n\t\t\t\t<div class=\"elementor-element elementor-element-01decc1 elementor-widget elementor-widget-text-editor\" data-id=\"01decc1\" data-element_type=\"widget\" data-widget_type=\"text-editor.default\">\n\t\t\t\t<div class=\"elementor-widget-container\">\n\t\t\t\t\t\t\t<p><br \/>Kan \u015fekeri sorunlar\u0131n\u0131n tedavisinde faydal\u0131d\u0131r<br \/>B\u00f6brek ve karaci\u011fer hasar\u0131n\u0131 \u00f6nleyin<br \/>Antioksidanlar<br \/>Sa\u00e7 derisi i\u00e7in sa\u011fl\u0131kl\u0131 bir ortam yaratmak<br \/>Sa\u00e7 kal\u0131nla\u015fmas\u0131<br \/>Serbest radikalleri ortadan kald\u0131r\u0131n<br \/>Sa\u00e7lar\u0131 nemlendirin<br \/>Sa\u00e7lar\u0131n erken beyazlamas\u0131n\u0131 \u00f6nleyin<br \/>V\u00fccuda enerji temini<br \/>yat\u0131\u015ft\u0131r\u0131c\u0131<br \/>Mide a\u011fr\u0131s\u0131n\u0131n tedavisi<br \/>Y\u00fcksek tansiyon ve kolesterol tedavisi<\/p>\t\t\t\t\t\t<\/div>\n\t\t\t\t<\/div>\n\t\t\t\t<\/div>\n\t\t<div class=\"elementor-element elementor-element-1829549 e-con-full e-flex e-con e-child\" data-id=\"1829549\" data-element_type=\"container\">\n\t\t\t\t<\/div>\n\t\t\t\t\t<\/div>\n\t\t\t\t<\/div>\n\t\t\t\t<\/div>\n\t\t","protected":false},"excerpt":{"rendered":"<p>Hurma \u00e7ekirde\u011fi kahve tozu Hurma \u00e7ekirde\u011fi tozu kahve, \u00e7ikolata, kek, kurabiye ve hatta kozmetik \u00fcr\u00fcnleri \u00fcreten fabrikalarda kullan\u0131lmaktad\u0131r. \u00a0 \u00dcr\u00fcn\u00fc g\u00f6r\u00fcnt\u00fcle Hurma \u00e7ekirde\u011fi kahve tozunun faydalar\u0131 Kan \u015fekeri sorunlar\u0131n\u0131n tedavisinde faydal\u0131d\u0131rB\u00f6brek ve karaci\u011fer hasar\u0131n\u0131 \u00f6nleyinAntioksidanlarSa\u00e7 derisi i\u00e7in sa\u011fl\u0131kl\u0131 bir ortam yaratmakSa\u00e7 kal\u0131nla\u015fmas\u0131Serbest radikalleri ortadan kald\u0131r\u0131nSa\u00e7lar\u0131 nemlendirinSa\u00e7lar\u0131n erken beyazlamas\u0131n\u0131 \u00f6nleyinV\u00fccuda enerji teminiyat\u0131\u015ft\u0131r\u0131c\u0131Mide a\u011fr\u0131s\u0131n\u0131n tedavisiY\u00fcksek tansiyon ve [&hellip;]<\/p>\n","protected":false},"author":1,"featured_media":0,"parent":0,"menu_order":0,"comment_status":"closed","ping_status":"closed","template":"","meta":{"_uag_custom_page_level_css":"","site-sidebar-layout":"no-sidebar","site-content-layout":null,"ast-site-content-layout":"full-width-container","site-content-style":"unboxed","site-sidebar-style":"unboxed","ast-global-header-display":"","ast-banner-title-visibility":"","ast-main-header-display":"","ast-hfb-above-header-display":"","ast-hfb-below-header-display":null,"ast-hfb-mobile-header-display":"","site-post-title":"disabled","ast-breadcrumbs-content":null,"ast-featured-img":"disabled","footer-sml-layout":"","theme-transparent-header-meta":"","adv-header-id-meta":"","stick-header-meta":"","header-above-stick-meta":"","header-main-stick-meta":"","header-below-stick-meta":null,"astra-migrate-meta-layouts":"default","ast-page-background-enabled":"default","ast-page-background-meta":{"desktop":{"background-color":"var(--ast-global-color-4)","background-image":"","background-repeat":"repeat","background-position":"center center","background-size":"auto","background-attachment":"scroll","background-type":"","background-media":"","overlay-type":"","overlay-color":"","overlay-opacity":"","overlay-gradient":""},"tablet":{"background-color":"","background-image":"","background-repeat":"repeat","background-position":"center center","background-size":"auto","background-attachment":"scroll","background-type":"","background-media":"","overlay-type":"","overlay-color":"","overlay-opacity":"","overlay-gradient":""},"mobile":{"background-color":"","background-image":"","background-repeat":"repeat","background-position":"center center","background-size":"auto","background-attachment":"scroll","background-type":"","background-media":"","overlay-type":"","overlay-color":"","overlay-opacity":"","overlay-gradient":""}},"ast-content-background-meta":{"desktop":{"background-color":"var(--ast-global-color-5)","background-image":"","background-repeat":"repeat","background-position":"center center","background-size":"auto","background-attachment":"scroll","background-type":"","background-media":"","overlay-type":"","overlay-color":"","overlay-opacity":"","overlay-gradient":""},"tablet":{"background-color":"var(--ast-global-color-5)","background-image":"","background-repeat":"repeat","background-position":"center center","background-size":"auto","background-attachment":"scroll","background-type":"","background-media":"","overlay-type":"","overlay-color":"","overlay-opacity":"","overlay-gradient":""},"mobile":{"background-color":"var(--ast-global-color-5)","background-image":"","background-repeat":"repeat","background-position":"center center","background-size":"auto","background-attachment":"scroll","background-type":"","background-media":"","overlay-type":"","overlay-color":"","overlay-opacity":"","overlay-gradient":""}},"footnotes":""},"class_list":["post-4210","page","type-page","status-publish","hentry"],"uagb_featured_image_src":{"full":false,"thumbnail":false,"medium":false,"medium_large":false,"large":false,"1536x1536":false,"2048x2048":false,"woocommerce_thumbnail":false,"woocommerce_single":false,"woocommerce_gallery_thumbnail":false},"uagb_author_info":{"display_name":"kavoosiadmin","author_link":"https:\/\/lamtakamdate.com\/tr\/author\/kavoosiadmin\/"},"uagb_comment_info":0,"uagb_excerpt":"Hurma \u00e7ekirde\u011fi kahve tozu Hurma \u00e7ekirde\u011fi tozu kahve, \u00e7ikolata, kek, kurabiye ve hatta kozmetik \u00fcr\u00fcnleri \u00fcreten fabrikalarda kullan\u0131lmaktad\u0131r. \u00a0 \u00dcr\u00fcn\u00fc g\u00f6r\u00fcnt\u00fcle Hurma \u00e7ekirde\u011fi kahve tozunun faydalar\u0131 Kan \u015fekeri sorunlar\u0131n\u0131n tedavisinde faydal\u0131d\u0131rB\u00f6brek ve karaci\u011fer hasar\u0131n\u0131 \u00f6nleyinAntioksidanlarSa\u00e7 derisi i\u00e7in sa\u011fl\u0131kl\u0131 bir ortam yaratmakSa\u00e7 kal\u0131nla\u015fmas\u0131Serbest radikalleri ortadan kald\u0131r\u0131nSa\u00e7lar\u0131 nemlendirinSa\u00e7lar\u0131n erken beyazlamas\u0131n\u0131 \u00f6nleyinV\u00fccuda enerji teminiyat\u0131\u015ft\u0131r\u0131c\u0131Mide a\u011fr\u0131s\u0131n\u0131n tedavisiY\u00fcksek tansiyon ve&hellip;","_links":{"self":[{"href":"https:\/\/lamtakamdate.com\/tr\/wp-json\/wp\/v2\/pages\/4210","targetHints":{"allow":["GET"]}}],"collection":[{"href":"https:\/\/lamtakamdate.com\/tr\/wp-json\/wp\/v2\/pages"}],"about":[{"href":"https:\/\/lamtakamdate.com\/tr\/wp-json\/wp\/v2\/types\/page"}],"author":[{"embeddable":true,"href":"https:\/\/lamtakamdate.com\/tr\/wp-json\/wp\/v2\/users\/1"}],"replies":[{"embeddable":true,"href":"https:\/\/lamtakamdate.com\/tr\/wp-json\/wp\/v2\/comments?post=4210"}],"version-history":[{"count":10,"href":"https:\/\/lamtakamdate.com\/tr\/wp-json\/wp\/v2\/pages\/4210\/revisions"}],"predecessor-version":[{"id":4599,"href":"https:\/\/lamtakamdate.com\/tr\/wp-json\/wp\/v2\/pages\/4210\/revisions\/4599"}],"wp:attachment":[{"href":"https:\/\/lamtakamdate.com\/tr\/wp-json\/wp\/v2\/media?parent=4210"}],"curies":[{"name":"wp","href":"https:\/\/api.w.org\/{rel}","templated":true}]}}